{"id":62,"date":"2025-10-26T20:38:58","date_gmt":"2025-10-27T00:38:58","guid":{"rendered":"https:\/\/latitudzero.pro\/eventos\/?page_id=62"},"modified":"2025-10-27T18:44:17","modified_gmt":"2025-10-27T22:44:17","slug":"relevo","status":"publish","type":"page","link":"https:\/\/latitudzero.pro\/eventos\/relevo\/","title":{"rendered":"Relevo de Responsabilidad"},"content":{"rendered":"\n<blockquote class=\"wp-block-quote alignwide is-layout-flow wp-block-quote-is-layout-flow\">\n<p class=\"has-black-color has-vivid-red-background-color has-text-color has-background has-link-color has-small-font-size wp-elements-7fd78f7674e0b3873c469c4dad2bbfa1\"><strong>Favor leer cuidadosamente la siguiente informaci\u00f3n acerca del \u00e1rea de eventos en nuestro sitio web.<\/strong><\/p>\n<\/blockquote>\n\n\n\n<div class=\"wp-block-cover is-light\"><span aria-hidden=\"true\" class=\"wp-block-cover__background has-cyan-bluish-gray-background-color has-background-dim-100 has-background-dim\"><\/span><div class=\"wp-block-cover__inner-container is-layout-constrained wp-block-cover-is-layout-constrained\">\n<p class=\"has-text-align-center has-black-color has-text-color has-link-color has-large-font-size wp-elements-30d5b0fdeae11ca8fd9f8ff73a27dafa\">    <strong>Descargo de Responsabilidad y Limitaci\u00f3n de Responsabilidad<\/strong><\/p>\n\n\n\n<p class=\"has-black-color has-text-color has-link-color wp-elements-9ac00cf961d1ea846fe5a532228b76c6\"><\/p>\n\n\n\n<p><\/p>\n\n\n\n<p class=\"has-black-color has-text-color has-link-color wp-elements-035a423ae51d54dc4fffa5a93e292490\"><strong>Sobre la Publicaci\u00f3n y Promoci\u00f3n de Eventos<\/strong><\/p>\n\n\n\n<p class=\"has-black-color has-text-color has-link-color wp-elements-0f26fe3d734fbabe95a0b463d324041f\">     Este sitio web tiene como objetivo principal servir como un calendario y plataforma de organizaci\u00f3n para promover y dar visibilidad a eventos relacionados con la comunidad <em>geek<\/em> en Puerto Rico. Nuestra misi\u00f3n es brindar apoyo a la comunidad, centralizar la informaci\u00f3n y facilitar a los usuarios un panorama claro de las actividades y celebraciones que se llevan a cabo en la isla.<\/p>\n\n\n\n<p class=\"has-black-color has-text-color has-link-color wp-elements-8dded25885b4eecf75cc2f97f47aab39\"><strong>Relaci\u00f3n con los Eventos Publicados<\/strong><\/p>\n\n\n\n<p class=\"has-black-color has-text-color has-link-color wp-elements-da44fe9dc389e1f80fff88a8c16ae0e1\"><strong>IMPORTANTE:<\/strong> La publicaci\u00f3n de un evento en este sitio web <strong>NO<\/strong> implica una afiliaci\u00f3n, patrocinio, aval o relaci\u00f3n directa con el organizador o la entidad responsable del mismo. Actuamos \u00fanicamente como un portal de informaci\u00f3n y promoci\u00f3n.<\/p>\n\n\n\n<p class=\"has-black-color has-text-color has-link-color wp-elements-2646fd661103de2478d9c88f8d2fa9ff\">     Los eventos, fechas, lugares, costos y cualquier detalle relacionado son responsabilidad exclusiva de sus respectivos organizadores. <strong>No somos responsables<\/strong> por los cambios, cancelaciones, errores en la informaci\u00f3n proporcionada por terceros, ni por la calidad o el contenido de los eventos publicados.<\/p>\n\n\n\n<p class=\"has-black-color has-text-color has-link-color wp-elements-4aff8b24cff967d344d427f712949b25\"><strong>Limitaci\u00f3n de Responsabilidad<\/strong><\/p>\n\n\n\n<p class=\"has-black-color has-text-color has-link-color wp-elements-5fb6e8c3fec456ebebfb957674a8692c\">Al utilizar esta plataforma, el usuario entiende y acepta que:<\/p>\n\n\n\n<ol start=\"1\" class=\"wp-block-list\">\n<li class=\"has-black-color has-text-color has-link-color wp-elements-d05ecff3fff3fbb8eaed93b3643abf70\"><strong>No nos hacemos responsables de los incidentes, da\u00f1os, p\u00e9rdidas, lesiones o cualquier circunstancia adversa<\/strong> que pueda ocurrir antes, durante o despu\u00e9s de la celebraci\u00f3n de cualquier evento listado en nuestro calendario.<\/li>\n\n\n\n<li class=\"has-black-color has-text-color has-link-color wp-elements-b81607e4d68ca4d2b0e46b6cd1cee5b5\"><strong>No tenemos ninguna responsabilidad legal o directa<\/strong> sobre la planificaci\u00f3n, ejecuci\u00f3n, seguridad o los resultados de los eventos promocionados.<\/li>\n\n\n\n<li class=\"has-black-color has-text-color has-link-color wp-elements-83be84be46a1673aeacaf0a5067cfe45\">Cualquier reclamo, queja o disputa relacionada con un evento debe ser dirigida directamente a los organizadores o promotores del mismo.<\/li>\n\n\n\n<li>Esta pagina, o cualquier componente de ella, puede cambiar o ser eliminada sin previo aviso.<\/li>\n<\/ol>\n\n\n\n<p class=\"has-black-color has-text-color has-link-color wp-elements-7bb6b9f6b5c29dafc5ec0988d1ee42aa\">Este sitio web es una herramienta de organizaci\u00f3n y promoci\u00f3n comunitaria. La participaci\u00f3n en cualquiera de los eventos listados es bajo la <strong>\u00fanica y exclusiva responsabilidad<\/strong> del asistente. Le recomendamos encarecidamente verificar la informaci\u00f3n y las pol\u00edticas de los eventos directamente con sus organizadores antes de asistir.<\/p>\n<\/div><\/div>\n","protected":false},"excerpt":{"rendered":"<p>Favor leer cuidadosamente la siguiente informaci\u00f3n acerca del \u00e1rea de eventos en nuestro sitio web.<\/p>\n","protected":false},"author":1,"featured_media":0,"parent":0,"menu_order":0,"comment_status":"closed","ping_status":"closed","template":"","meta":{"_price":"","_stock":"","_tribe_ticket_header":"","_tribe_default_ticket_provider":"","_ticket_start_date":"","_ticket_end_date":"","_tribe_ticket_show_description":"","_tribe_ticket_show_not_going":false,"_tribe_ticket_use_global_stock":"","_tribe_ticket_global_stock_level":"","_global_stock_mode":"","_global_stock_cap":"","_tribe_rsvp_for_event":"","_tribe_ticket_going_count":"","_tribe_ticket_not_going_count":"","_tribe_tickets_list":"[]","_tribe_ticket_has_attendee_info_fields":false,"footnotes":"","_tec_slr_enabled":"","_tec_slr_layout":""},"class_list":["post-62","page","type-page","status-publish","hentry"],"_hostinger_reach_plugin_has_subscription_block":false,"_hostinger_reach_plugin_is_elementor":false,"ticketed":false,"_links":{"self":[{"href":"https:\/\/latitudzero.pro\/eventos\/wp-json\/wp\/v2\/pages\/62","targetHints":{"allow":["GET"]}}],"collection":[{"href":"https:\/\/latitudzero.pro\/eventos\/wp-json\/wp\/v2\/pages"}],"about":[{"href":"https:\/\/latitudzero.pro\/eventos\/wp-json\/wp\/v2\/types\/page"}],"author":[{"embeddable":true,"href":"https:\/\/latitudzero.pro\/eventos\/wp-json\/wp\/v2\/users\/1"}],"replies":[{"embeddable":true,"href":"https:\/\/latitudzero.pro\/eventos\/wp-json\/wp\/v2\/comments?post=62"}],"version-history":[{"count":16,"href":"https:\/\/latitudzero.pro\/eventos\/wp-json\/wp\/v2\/pages\/62\/revisions"}],"predecessor-version":[{"id":94,"href":"https:\/\/latitudzero.pro\/eventos\/wp-json\/wp\/v2\/pages\/62\/revisions\/94"}],"wp:attachment":[{"href":"https:\/\/latitudzero.pro\/eventos\/wp-json\/wp\/v2\/media?parent=62"}],"curies":[{"name":"wp","href":"https:\/\/api.w.org\/{rel}","templated":true}]}}